{"id":3158,"date":"2023-08-10T06:19:15","date_gmt":"2023-08-10T06:19:15","guid":{"rendered":"https:\/\/miscostosfijos.com\/demo\/?page_id=3158"},"modified":"2023-08-10T06:20:17","modified_gmt":"2023-08-10T06:20:17","slug":"terminos-y-condiciones","status":"publish","type":"page","link":"https:\/\/miscostosfijos.com\/demo\/terminos-y-condiciones\/","title":{"rendered":"T\u00e9rminos y condiciones"},"content":{"rendered":"\t\t<div data-elementor-type=\"wp-page\" data-elementor-id=\"3158\" class=\"elementor elementor-3158\">\n\t\t\t\t\t\t<section class=\"elementor-section elementor-top-section elementor-element elementor-element-032d542 elementor-section-boxed elementor-section-height-default elementor-section-height-default wpr-particle-no wpr-jarallax-no wpr-parallax-no wpr-sticky-section-no\" data-id=\"032d542\" data-element_type=\"section\">\n\t\t\t\t\t\t<div class=\"elementor-container elementor-column-gap-default\">\n\t\t\t\t\t<div class=\"elementor-column elementor-col-100 elementor-top-column elementor-element elementor-element-29dc5de\" data-id=\"29dc5de\" data-element_type=\"column\">\n\t\t\t<div class=\"elementor-widget-wrap elementor-element-populated\">\n\t\t\t\t\t\t<div class=\"elementor-element elementor-element-d90433e elementor-widget elementor-widget-heading\" data-id=\"d90433e\" data-element_type=\"widget\" data-widget_type=\"heading.default\">\n\t\t\t\t<div class=\"elementor-widget-container\">\n\t\t\t\t\t<h1 class=\"elementor-heading-title elementor-size-default\">T\u00e9rminos y condiciones <\/h1>\t\t\t\t<\/div>\n\t\t\t\t<\/div>\n\t\t\t\t\t<\/div>\n\t\t<\/div>\n\t\t\t\t\t<\/div>\n\t\t<\/section>\n\t\t\t\t<section class=\"elementor-section elementor-top-section elementor-element elementor-element-542524f elementor-section-boxed elementor-section-height-default elementor-section-height-default wpr-particle-no wpr-jarallax-no wpr-parallax-no wpr-sticky-section-no\" data-id=\"542524f\" data-element_type=\"section\">\n\t\t\t\t\t\t<div class=\"elementor-container elementor-column-gap-default\">\n\t\t\t\t\t<div class=\"elementor-column elementor-col-100 elementor-top-column elementor-element elementor-element-799663b\" data-id=\"799663b\" data-element_type=\"column\">\n\t\t\t<div class=\"elementor-widget-wrap elementor-element-populated\">\n\t\t\t\t\t\t<div class=\"elementor-element elementor-element-7e606aa elementor-widget elementor-widget-text-editor\" data-id=\"7e606aa\" data-element_type=\"widget\" data-widget_type=\"text-editor.default\">\n\t\t\t\t<div class=\"elementor-widget-container\">\n\t\t\t\t\t\t\t\t\t<p>La p\u00e1gina web www.miscostosfijos.com es proporcionada por TodoMis S.A.S para ofrecer informaci\u00f3n sobre el producto MisCostosFijos y sus servicios. Los usuarios deben cumplir con los siguientes t\u00e9rminos y condiciones:<\/p><p>\u2022 La p\u00e1gina ofrece informaci\u00f3n sobre MisCostosFijos, sus caracter\u00edsticas, condiciones, requisitos y medidas de seguridad.<br \/>\u2022 La informaci\u00f3n es para toma de decisiones financieras informadas y no constituye asesor\u00eda.<br \/>\u2022 No se puede transmitir, modificar o comercializar la informaci\u00f3n sin autorizaci\u00f3n.<br \/>\u2022 MisCostosFijos se reserva el derecho de modificar o eliminar contenido.<br \/>El acceso a la p\u00e1gina puede estar limitado por circunstancias fuera de control.<br \/>Derecho de Propiedad: El contenido de la p\u00e1gina est\u00e1 protegido por derechos de autor y propiedad intelectual. Se proh\u00edbe publicar, retransmitir o comercializar la informaci\u00f3n sin autorizaci\u00f3n, excepto para uso personal no comercial.<br \/>Pol\u00edtica de Protecci\u00f3n de Datos: La privacidad es importante y se explica c\u00f3mo se obtiene y utiliza la informaci\u00f3n personal. Se utiliza la informaci\u00f3n proporcionada para responder a consultas y enviar informaci\u00f3n relevante.<br \/>Las pol\u00edticas y condiciones se rigen por la ley colombiana y est\u00e1n sujetas a la jurisdicci\u00f3n de los jueces y tribunales colombianos.<br \/>Este resumen proporciona una visi\u00f3n general de las condiciones de uso y la pol\u00edtica de privacidad de la p\u00e1gina web www.miscostosfijos.com proporcionada por TodoMis S.A.S. Los usuarios deben revisar y entender las condiciones completas antes de usar la p\u00e1gina.<\/p>\t\t\t\t\t\t\t\t<\/div>\n\t\t\t\t<\/div>\n\t\t\t\t\t<\/div>\n\t\t<\/div>\n\t\t\t\t\t<\/div>\n\t\t<\/section>\n\t\t\t\t<\/div>\n\t\t","protected":false},"excerpt":{"rendered":"<p>T\u00e9rminos y condiciones La p\u00e1gina web www.miscostosfijos.com es proporcionada por TodoMis S.A.S para ofrecer informaci\u00f3n sobre el producto MisCostosFijos y sus servicios. Los usuarios deben cumplir con los siguientes t\u00e9rminos y condiciones: \u2022 La p\u00e1gina ofrece informaci\u00f3n sobre MisCostosFijos, sus caracter\u00edsticas, condiciones, requisitos y medidas de seguridad.\u2022 La informaci\u00f3n es para toma de decisiones financieras informadas y no constituye asesor\u00eda.\u2022 No se puede transmitir, modificar o comercializar la informaci\u00f3n sin autorizaci\u00f3n.\u2022 MisCostosFijos se reserva el derecho de modificar o eliminar contenido.El acceso a la p\u00e1gina puede estar limitado por circunstancias fuera de control.Derecho de Propiedad: El contenido de la p\u00e1gina est\u00e1 protegido por derechos de autor y propiedad intelectual. Se proh\u00edbe publicar, retransmitir o comercializar la informaci\u00f3n sin autorizaci\u00f3n, excepto para uso personal no comercial.Pol\u00edtica de Protecci\u00f3n de Datos: La privacidad es importante y se explica c\u00f3mo se obtiene y utiliza la informaci\u00f3n personal. Se utiliza la informaci\u00f3n proporcionada para responder a consultas y enviar informaci\u00f3n relevante.Las pol\u00edticas y condiciones se rigen por la ley colombiana y est\u00e1n sujetas a la jurisdicci\u00f3n de los jueces y tribunales colombianos.Este resumen proporciona una visi\u00f3n general de las condiciones de uso y la pol\u00edtica de privacidad de la p\u00e1gina web www.miscostosfijos.com proporcionada por TodoMis S.A.S. Los usuarios deben revisar y entender las condiciones completas antes de usar la p\u00e1gina.<\/p>\n","protected":false},"author":1,"featured_media":0,"parent":0,"menu_order":0,"comment_status":"closed","ping_status":"closed","template":"elementor_header_footer","meta":{"footnotes":""},"class_list":["post-3158","page","type-page","status-publish","hentry"],"_links":{"self":[{"href":"https:\/\/miscostosfijos.com\/demo\/wp-json\/wp\/v2\/pages\/3158","targetHints":{"allow":["GET"]}}],"collection":[{"href":"https:\/\/miscostosfijos.com\/demo\/wp-json\/wp\/v2\/pages"}],"about":[{"href":"https:\/\/miscostosfijos.com\/demo\/wp-json\/wp\/v2\/types\/page"}],"author":[{"embeddable":true,"href":"https:\/\/miscostosfijos.com\/demo\/wp-json\/wp\/v2\/users\/1"}],"replies":[{"embeddable":true,"href":"https:\/\/miscostosfijos.com\/demo\/wp-json\/wp\/v2\/comments?post=3158"}],"version-history":[{"count":4,"href":"https:\/\/miscostosfijos.com\/demo\/wp-json\/wp\/v2\/pages\/3158\/revisions"}],"predecessor-version":[{"id":3162,"href":"https:\/\/miscostosfijos.com\/demo\/wp-json\/wp\/v2\/pages\/3158\/revisions\/3162"}],"wp:attachment":[{"href":"https:\/\/miscostosfijos.com\/demo\/wp-json\/wp\/v2\/media?parent=3158"}],"curies":[{"name":"wp","href":"https:\/\/api.w.org\/{rel}","templated":true}]}}